{"id":26,"date":"2019-11-13T12:21:56","date_gmt":"2019-11-13T12:21:56","guid":{"rendered":"https:\/\/docs.stzplayer.com\/index.php\/fintech\/"},"modified":"2024-11-20T20:09:43","modified_gmt":"2024-11-20T20:09:43","slug":"home","status":"publish","type":"page","link":"https:\/\/docs.stzplayer.com\/es","title":{"rendered":"Inicio"},"content":{"rendered":"<div data-elementor-type=\"wp-page\" data-elementor-id=\"26\" class=\"elementor elementor-26\" data-elementor-settings=\"{&quot;element_pack_global_tooltip_width&quot;:{&quot;unit&quot;:&quot;px&quot;,&quot;size&quot;:&quot;&quot;,&quot;sizes&quot;:[]},&quot;element_pack_global_tooltip_width_tablet&quot;:{&quot;unit&quot;:&quot;px&quot;,&quot;size&quot;:&quot;&quot;,&quot;sizes&quot;:[]},&quot;element_pack_global_tooltip_width_mobile&quot;:{&quot;unit&quot;:&quot;px&quot;,&quot;size&quot;:&quot;&quot;,&quot;sizes&quot;:[]},&quot;element_pack_global_tooltip_padding&quot;:{&quot;unit&quot;:&quot;px&quot;,&quot;top&quot;:&quot;&quot;,&quot;right&quot;:&quot;&quot;,&quot;bottom&quot;:&quot;&quot;,&quot;left&quot;:&quot;&quot;,&quot;isLinked&quot;:true},&quot;element_pack_global_tooltip_padding_tablet&quot;:{&quot;unit&quot;:&quot;px&quot;,&quot;top&quot;:&quot;&quot;,&quot;right&quot;:&quot;&quot;,&quot;bottom&quot;:&quot;&quot;,&quot;left&quot;:&quot;&quot;,&quot;isLinked&quot;:true},&quot;element_pack_global_tooltip_padding_mobile&quot;:{&quot;unit&quot;:&quot;px&quot;,&quot;top&quot;:&quot;&quot;,&quot;right&quot;:&quot;&quot;,&quot;bottom&quot;:&quot;&quot;,&quot;left&quot;:&quot;&quot;,&quot;isLinked&quot;:true},&quot;element_pack_global_tooltip_border_radius&quot;:{&quot;unit&quot;:&quot;px&quot;,&quot;top&quot;:&quot;&quot;,&quot;right&quot;:&quot;&quot;,&quot;bottom&quot;:&quot;&quot;,&quot;left&quot;:&quot;&quot;,&quot;isLinked&quot;:true},&quot;element_pack_global_tooltip_border_radius_tablet&quot;:{&quot;unit&quot;:&quot;px&quot;,&quot;top&quot;:&quot;&quot;,&quot;right&quot;:&quot;&quot;,&quot;bottom&quot;:&quot;&quot;,&quot;left&quot;:&quot;&quot;,&quot;isLinked&quot;:true},&quot;element_pack_global_tooltip_border_radius_mobile&quot;:{&quot;unit&quot;:&quot;px&quot;,&quot;top&quot;:&quot;&quot;,&quot;right&quot;:&quot;&quot;,&quot;bottom&quot;:&quot;&quot;,&quot;left&quot;:&quot;&quot;,&quot;isLinked&quot;:true}}\" data-elementor-post-type=\"page\">\n\t\t\t\t<div class=\"elementor-element elementor-element-17d24fb e-flex e-con-boxed e-con e-parent\" data-id=\"17d24fb\" data-element_type=\"container\" data-settings=\"{&quot;background_background&quot;:&quot;classic&quot;}\">\n\t\t\t\t\t<div class=\"e-con-inner\">\n\t\t\t\t<div class=\"elementor-element elementor-element-13b32fd elementor-widget elementor-widget-heading\" data-id=\"13b32fd\" data-element_type=\"widget\" data-widget_type=\"heading.default\">\n\t\t\t\t<div class=\"elementor-widget-container\">\n\t\t\t<h1 class=\"elementor-heading-title elementor-size-default\">Documentaci\u00f3n del STZ Player<\/h1>\t\t<\/div>\n\t\t\t\t<\/div>\n\t\t\t\t<div class=\"elementor-element elementor-element-3edf75a elementor-widget elementor-widget-text-editor\" data-id=\"3edf75a\" data-element_type=\"widget\" data-widget_type=\"text-editor.default\">\n\t\t\t\t<div class=\"elementor-widget-container\">\n\t\t\t\t\t\t\t\u00a1Bienvenido a la documentaci\u00f3n de STZ Player! Aqu\u00ed encontrar\u00e1 toda la informaci\u00f3n necesaria para aprovechar al m\u00e1ximo su experiencia con STZ Player. Nuestra completa documentaci\u00f3n abarca todo, desde la instalaci\u00f3n hasta las funciones avanzadas, para garantizar que disponga de todas las herramientas necesarias para sacar el m\u00e1ximo provecho de su reproductor multimedia.\t\t\t\t\t\t<\/div>\n\t\t\t\t<\/div>\n\t\t<div class=\"elementor-element elementor-element-f892d7c e-grid e-con-full e-con e-child\" data-id=\"f892d7c\" data-element_type=\"container\">\n\t\t\t\t<div class=\"elementor-element elementor-element-60c62bd elementor-align-center elementor-widget elementor-widget-button\" data-id=\"60c62bd\" data-element_type=\"widget\" data-widget_type=\"button.default\">\n\t\t\t\t<div class=\"elementor-widget-container\">\n\t\t\t\t\t<div class=\"elementor-button-wrapper\">\n\t\t\t<a class=\"elementor-button elementor-button-link elementor-size-sm\" href=\"https:\/\/docs.stzplayer.com\/es\/docs\/\">\n\t\t\t\t\t\t<span class=\"elementor-button-content-wrapper\">\n\t\t\t\t\t\t\t\t\t<span class=\"elementor-button-text\">Documentaci\u00f3n<\/span>\n\t\t\t\t\t<\/span>\n\t\t\t\t\t<\/a>\n\t\t<\/div>\n\t\t\t\t<\/div>\n\t\t\t\t<\/div>\n\t\t\t\t<div class=\"elementor-element elementor-element-f2e7ba6 elementor-align-center elementor-widget elementor-widget-button\" data-id=\"f2e7ba6\" data-element_type=\"widget\" data-widget_type=\"button.default\">\n\t\t\t\t<div class=\"elementor-widget-container\">\n\t\t\t\t\t<div class=\"elementor-button-wrapper\">\n\t\t\t<a class=\"elementor-button elementor-button-link elementor-size-sm\" href=\"https:\/\/docs.stzplayer.com\/es\/community\/\">\n\t\t\t\t\t\t<span class=\"elementor-button-content-wrapper\">\n\t\t\t\t\t\t\t\t\t<span class=\"elementor-button-text\">Discusiones del foro<\/span>\n\t\t\t\t\t<\/span>\n\t\t\t\t\t<\/a>\n\t\t<\/div>\n\t\t\t\t<\/div>\n\t\t\t\t<\/div>\n\t\t\t\t<div class=\"elementor-element elementor-element-d774832 elementor-align-center elementor-widget elementor-widget-button\" data-id=\"d774832\" data-element_type=\"widget\" data-widget_type=\"button.default\">\n\t\t\t\t<div class=\"elementor-widget-container\">\n\t\t\t\t\t<div class=\"elementor-button-wrapper\">\n\t\t\t<a class=\"elementor-button elementor-button-link elementor-size-sm\" href=\"https:\/\/stzplayer.com\/#\/contact-us\" target=\"_blank\" rel=\"noopener\">\n\t\t\t\t\t\t<span class=\"elementor-button-content-wrapper\">\n\t\t\t\t\t\t\t\t\t<span class=\"elementor-button-text\">CONT\u00c1CTENOS<\/span>\n\t\t\t\t\t<\/span>\n\t\t\t\t\t<\/a>\n\t\t<\/div>\n\t\t\t\t<\/div>\n\t\t\t\t<\/div>\n\t\t\t\t<\/div>\n\t\t\t\t\t<\/div>\n\t\t\t\t<\/div>\n\t\t<div class=\"elementor-element elementor-element-5a31234 e-flex e-con-boxed e-con e-parent\" data-id=\"5a31234\" data-element_type=\"container\">\n\t\t\t\t\t<div class=\"e-con-inner\">\n\t\t<div class=\"elementor-element elementor-element-8baad94 e-con-full e-flex e-con e-child\" data-id=\"8baad94\" data-element_type=\"container\">\n\t\t\t\t<div class=\"elementor-element elementor-element-5572a90 elementor-widget__width-inherit elementor-widget-tablet__width-initial ui-e-a-animate elementor-widget elementor-widget-highlighted-text\" data-id=\"5572a90\" data-element_type=\"widget\" data-widget_type=\"highlighted-text.default\">\n\t\t\t\t<div class=\"elementor-widget-container\">\n\t\t\t\t\t<h1 class=\"ui-e--highlighted-text\" >\r\n        <span class=\"ui-e-headline-text elementor-repeater-item-04f17a2\">STZ Player<\/span><span class=\"ui-e-headline-text elementor-repeater-item-4a204cc ui-e-headline-stroke1\">\r\n\t\t\t\t\t\t\t\t\t<span class=\"whitespace\"> <\/span><span><span class=\"ui-e-headline-text ui-e-headline-highlighted\">Documentaci\u00f3n<\/span><span class=\"uicore-svg-wrapper\"><svg xmlns=\"http:\/\/www.w3.org\/2000\/svg\" viewbox=\"0 0 500 150\" preserveaspectratio=\"none\"><path d='M15.2,133.3L15.2,133.3c121.9-7.6,244-9.9,366.1-6.8c34.6,0.9,69.1,2.3,103.7,4' \/><\/svg><\/span><\/span><span class=\"whitespace\"> <\/span><\/span>        <\/h1>\r\n        \t\t<\/div>\n\t\t\t\t<\/div>\n\t\t\t\t<div class=\"elementor-element elementor-element-ce33582 elementor-widget elementor-widget-text-editor\" data-id=\"ce33582\" data-element_type=\"widget\" data-widget_type=\"text-editor.default\">\n\t\t\t\t<div class=\"elementor-widget-container\">\n\t\t\t\t\t\t\tLa documentaci\u00f3n del reproductor STZ est\u00e1 dise\u00f1ada para brindarle todos los recursos que necesita para maximizar el uso del reproductor. \t\t\t\t\t\t<\/div>\n\t\t\t\t<\/div>\n\t\t\t\t<div class=\"elementor-element elementor-element-14d57db elementor-align-left elementor-widget__width-inherit elementor-widget elementor-widget-button\" data-id=\"14d57db\" data-element_type=\"widget\" data-widget_type=\"button.default\">\n\t\t\t\t<div class=\"elementor-widget-container\">\n\t\t\t\t\t<div class=\"elementor-button-wrapper\">\n\t\t\t<a class=\"elementor-button elementor-button-link elementor-size-sm\" href=\"https:\/\/docs.stzplayer.com\/es\/docs\/\">\n\t\t\t\t\t\t<span class=\"elementor-button-content-wrapper\">\n\t\t\t\t\t\t\t\t\t<span class=\"elementor-button-text\">Documentaci\u00f3n<\/span>\n\t\t\t\t\t<\/span>\n\t\t\t\t\t<\/a>\n\t\t<\/div>\n\t\t\t\t<\/div>\n\t\t\t\t<\/div>\n\t\t\t\t<\/div>\n\t\t<div class=\"elementor-element elementor-element-5465059 e-con-full e-flex e-con e-child\" data-id=\"5465059\" data-element_type=\"container\">\n\t\t\t\t<div class=\"elementor-element elementor-element-af5a2e6 elementor-widget elementor-widget-image\" data-id=\"af5a2e6\" data-element_type=\"widget\" data-widget_type=\"image.default\">\n\t\t\t\t<div class=\"elementor-widget-container\">\n\t\t\t\t\t\t\t\t\t\t\t\t\t<img fetchpriority=\"high\" decoding=\"async\" width=\"500\" height=\"500\" src=\"https:\/\/docs.stzplayer.com\/wp-content\/uploads\/2024\/10\/Documents-rafiki.svg\" class=\"attachment-full size-full wp-image-1117\" alt=\"\" \/>\t\t\t\t\t\t\t\t\t\t\t\t\t<\/div>\n\t\t\t\t<\/div>\n\t\t\t\t<\/div>\n\t\t\t\t\t<\/div>\n\t\t\t\t<\/div>\n\t\t<div class=\"elementor-element elementor-element-c20ce36 e-flex e-con-boxed e-con e-parent\" data-id=\"c20ce36\" data-element_type=\"container\">\n\t\t\t\t\t<div class=\"e-con-inner\">\n\t\t<div class=\"elementor-element elementor-element-84e8fb3 e-con-full e-flex e-con e-child\" data-id=\"84e8fb3\" data-element_type=\"container\">\n\t\t\t\t<div class=\"elementor-element elementor-element-0519468 elementor-widget__width-inherit elementor-widget-tablet__width-initial ui-e-a-animate elementor-widget elementor-widget-highlighted-text\" data-id=\"0519468\" data-element_type=\"widget\" data-widget_type=\"highlighted-text.default\">\n\t\t\t\t<div class=\"elementor-widget-container\">\n\t\t\t\t\t<h1 class=\"ui-e--highlighted-text\" >\r\n        <span class=\"ui-e-headline-text elementor-repeater-item-04f17a2\">Comunidad <\/span><span class=\"ui-e-headline-text elementor-repeater-item-4a204cc ui-e-headline-stroke1\">\r\n\t\t\t\t\t\t\t\t\t<span class=\"whitespace\"> <\/span><span><span class=\"ui-e-headline-text ui-e-headline-highlighted\">Foro<\/span><span class=\"uicore-svg-wrapper\"><svg xmlns=\"http:\/\/www.w3.org\/2000\/svg\" viewbox=\"0 0 500 150\" preserveaspectratio=\"none\"><path d='M15.2,133.3L15.2,133.3c121.9-7.6,244-9.9,366.1-6.8c34.6,0.9,69.1,2.3,103.7,4' \/><\/svg><\/span><\/span><span class=\"whitespace\"> <\/span><\/span>        <\/h1>\r\n        \t\t<\/div>\n\t\t\t\t<\/div>\n\t\t\t\t<div class=\"elementor-element elementor-element-6b2469d elementor-widget elementor-widget-text-editor\" data-id=\"6b2469d\" data-element_type=\"widget\" data-widget_type=\"text-editor.default\">\n\t\t\t\t<div class=\"elementor-widget-container\">\n\t\t\t\t\t\t\t<p>\u00danase a nuestra comunidad de usuarios de STZ Player en el <strong>discusiones del foro<\/strong>. Aqu\u00ed puedes hacer preguntas, compartir consejos y conectar con otros usuarios. Nuestro foro es un recurso valioso para descubrir nuevas ideas y soluciones de usuarios experimentados y del equipo de STZ Player.<\/p><ul><li><strong>Obtener ayuda:<\/strong> Publique sus preguntas y obtenga respuestas de los miembros de la comunidad y moderadores.<\/li><li><strong>Comparte tus experiencias:<\/strong> Comparte tus conocimientos, consejos y trucos con otros entusiastas de STZ Player.<\/li><li><strong>Sugerir caracter\u00edsticas:<\/strong> \u00bfTienes alguna idea para una nueva funci\u00f3n? \u00a1Cu\u00e9ntanosla en el foro!<\/li><\/ul>\t\t\t\t\t\t<\/div>\n\t\t\t\t<\/div>\n\t\t\t\t<div class=\"elementor-element elementor-element-29ebdfb elementor-align-left elementor-widget__width-inherit elementor-widget elementor-widget-button\" data-id=\"29ebdfb\" data-element_type=\"widget\" data-widget_type=\"button.default\">\n\t\t\t\t<div class=\"elementor-widget-container\">\n\t\t\t\t\t<div class=\"elementor-button-wrapper\">\n\t\t\t<a class=\"elementor-button elementor-button-link elementor-size-sm\" href=\"https:\/\/docs.stzplayer.com\/es\/community\/\">\n\t\t\t\t\t\t<span class=\"elementor-button-content-wrapper\">\n\t\t\t\t\t\t\t\t\t<span class=\"elementor-button-text\">Discusiones del foro<\/span>\n\t\t\t\t\t<\/span>\n\t\t\t\t\t<\/a>\n\t\t<\/div>\n\t\t\t\t<\/div>\n\t\t\t\t<\/div>\n\t\t\t\t<\/div>\n\t\t<div class=\"elementor-element elementor-element-9765a9f e-con-full e-flex e-con e-child\" data-id=\"9765a9f\" data-element_type=\"container\">\n\t\t\t\t<div class=\"elementor-element elementor-element-aff826a elementor-widget elementor-widget-image\" data-id=\"aff826a\" data-element_type=\"widget\" data-widget_type=\"image.default\">\n\t\t\t\t<div class=\"elementor-widget-container\">\n\t\t\t\t\t\t\t\t\t\t\t\t\t<img decoding=\"async\" width=\"750\" height=\"500\" src=\"https:\/\/docs.stzplayer.com\/wp-content\/uploads\/2024\/10\/forming-team-leadership-rafiki.svg\" class=\"attachment-full size-full wp-image-1121\" alt=\"\" \/>\t\t\t\t\t\t\t\t\t\t\t\t\t<\/div>\n\t\t\t\t<\/div>\n\t\t\t\t<\/div>\n\t\t\t\t\t<\/div>\n\t\t\t\t<\/div>\n\t\t<div class=\"elementor-element elementor-element-954b2bb e-flex e-con-boxed e-con e-parent\" data-id=\"954b2bb\" data-element_type=\"container\">\n\t\t\t\t\t<div class=\"e-con-inner\">\n\t\t<div class=\"elementor-element elementor-element-216d626 e-con-full e-flex e-con e-child\" data-id=\"216d626\" data-element_type=\"container\">\n\t\t\t\t<div class=\"elementor-element elementor-element-e44cc6a elementor-widget__width-inherit elementor-widget-tablet__width-initial ui-e-a-animate elementor-widget elementor-widget-highlighted-text\" data-id=\"e44cc6a\" data-element_type=\"widget\" data-widget_type=\"highlighted-text.default\">\n\t\t\t\t<div class=\"elementor-widget-container\">\n\t\t\t\t\t<h1 class=\"ui-e--highlighted-text\" >\r\n        <span class=\"ui-e-headline-text elementor-repeater-item-04f17a2\">Contacta con <\/span><span class=\"ui-e-headline-text elementor-repeater-item-4a204cc ui-e-headline-stroke1\">\r\n\t\t\t\t\t\t\t\t\t<span class=\"whitespace\"> <\/span><span><span class=\"ui-e-headline-text ui-e-headline-highlighted\">Nosotros<\/span><span class=\"uicore-svg-wrapper\"><svg xmlns=\"http:\/\/www.w3.org\/2000\/svg\" viewbox=\"0 0 500 150\" preserveaspectratio=\"none\"><path d='M15.2,133.3L15.2,133.3c121.9-7.6,244-9.9,366.1-6.8c34.6,0.9,69.1,2.3,103.7,4' \/><\/svg><\/span><\/span><span class=\"whitespace\"> <\/span><\/span>        <\/h1>\r\n        \t\t<\/div>\n\t\t\t\t<\/div>\n\t\t\t\t<div class=\"elementor-element elementor-element-d67cee2 elementor-widget elementor-widget-text-editor\" data-id=\"d67cee2\" data-element_type=\"widget\" data-widget_type=\"text-editor.default\">\n\t\t\t\t<div class=\"elementor-widget-container\">\n\t\t\t\t\t\t\t<p>If you need further assistance, don\u2019t hesitate to reach out through our <strong>Contact Page<\/strong>. Si tiene alguna pregunta t\u00e9cnica, comentario o sugerencia, nuestro equipo de soporte est\u00e1 aqu\u00ed para ayudarle.<\/p><ul><li><strong>Correo electr\u00f3nico de soporte:<\/strong> <a rel=\"noopener\">support@stzplayer.com<\/a><\/li><li><strong>Tiempo de respuesta:<\/strong> Nos esforzamos por responder a todas las consultas dentro de las 24 horas.<\/li><\/ul>\t\t\t\t\t\t<\/div>\n\t\t\t\t<\/div>\n\t\t\t\t<div class=\"elementor-element elementor-element-b9f2f5d elementor-align-left elementor-widget__width-inherit elementor-widget elementor-widget-button\" data-id=\"b9f2f5d\" data-element_type=\"widget\" data-widget_type=\"button.default\">\n\t\t\t\t<div class=\"elementor-widget-container\">\n\t\t\t\t\t<div class=\"elementor-button-wrapper\">\n\t\t\t<a class=\"elementor-button elementor-button-link elementor-size-sm\" href=\"https:\/\/stzplayer.com\/#\/contact-us\" target=\"_blank\" rel=\"noopener\">\n\t\t\t\t\t\t<span class=\"elementor-button-content-wrapper\">\n\t\t\t\t\t\t\t\t\t<span class=\"elementor-button-text\">CONT\u00c1CTENOS<\/span>\n\t\t\t\t\t<\/span>\n\t\t\t\t\t<\/a>\n\t\t<\/div>\n\t\t\t\t<\/div>\n\t\t\t\t<\/div>\n\t\t\t\t<\/div>\n\t\t<div class=\"elementor-element elementor-element-277cba3 e-con-full e-flex e-con e-child\" data-id=\"277cba3\" data-element_type=\"container\">\n\t\t\t\t<div class=\"elementor-element elementor-element-00bd179 elementor-widget elementor-widget-image\" data-id=\"00bd179\" data-element_type=\"widget\" data-widget_type=\"image.default\">\n\t\t\t\t<div class=\"elementor-widget-container\">\n\t\t\t\t\t\t\t\t\t\t\t\t\t<img decoding=\"async\" width=\"500\" height=\"500\" src=\"https:\/\/docs.stzplayer.com\/wp-content\/uploads\/2024\/10\/Contact-us-rafiki.svg\" class=\"attachment-full size-full wp-image-1125\" alt=\"\" \/>\t\t\t\t\t\t\t\t\t\t\t\t\t<\/div>\n\t\t\t\t<\/div>\n\t\t\t\t<\/div>\n\t\t\t\t\t<\/div>\n\t\t\t\t<\/div>\n\t\t\t\t<\/div>","protected":false},"excerpt":{"rendered":"<p>STZ Player Documentation Welcome to the STZ Player Documentation! Here you will find all the information you need to get the most [&hellip;]<\/p>","protected":false},"author":1,"featured_media":0,"parent":0,"menu_order":0,"comment_status":"closed","ping_status":"closed","template":"","meta":{"footnotes":""},"class_list":["post-26","page","type-page","status-publish","hentry"],"_links":{"self":[{"href":"https:\/\/docs.stzplayer.com\/es\/wp-json\/wp\/v2\/pages\/26","targetHints":{"allow":["GET"]}}],"collection":[{"href":"https:\/\/docs.stzplayer.com\/es\/wp-json\/wp\/v2\/pages"}],"about":[{"href":"https:\/\/docs.stzplayer.com\/es\/wp-json\/wp\/v2\/types\/page"}],"author":[{"embeddable":true,"href":"https:\/\/docs.stzplayer.com\/es\/wp-json\/wp\/v2\/users\/1"}],"replies":[{"embeddable":true,"href":"https:\/\/docs.stzplayer.com\/es\/wp-json\/wp\/v2\/comments?post=26"}],"version-history":[{"count":112,"href":"https:\/\/docs.stzplayer.com\/es\/wp-json\/wp\/v2\/pages\/26\/revisions"}],"predecessor-version":[{"id":1498,"href":"https:\/\/docs.stzplayer.com\/es\/wp-json\/wp\/v2\/pages\/26\/revisions\/1498"}],"wp:attachment":[{"href":"https:\/\/docs.stzplayer.com\/es\/wp-json\/wp\/v2\/media?parent=26"}],"curies":[{"name":"wp","href":"https:\/\/api.w.org\/{rel}","templated":true}]}}